{"id":3571,"date":"2017-09-17T14:38:18","date_gmt":"2017-09-17T12:38:18","guid":{"rendered":"http:\/\/depaoli.bz.it\/?page_id=3571"},"modified":"2019-03-07T15:20:47","modified_gmt":"2019-03-07T14:20:47","slug":"privacy-policy","status":"publish","type":"page","link":"http:\/\/depaoli.bz.it\/it\/privacy-policy\/","title":{"rendered":"Privacy Policy"},"content":{"rendered":"<p>[vc_row][vc_column][vc_column_text]In questa pagina si descrivono le modalit\u00e0 di gestione del sito in riferimento al trattamento dei dati personali degli utenti che lo consultano. Si tratta di un\u2019informativa che \u00e8 resa anche ai sensi dell&#8217;art. 13 del d.lgs. n. 196\/2003 \u2013 Codice in materia di protezione dei dati personali a coloro che interagiscono con i servizi web accessibili per via telematica a partire dall&#8217; indirizzo\u00a0<a href=\"http:\/\/www.depaoli.bz.it\/\" target=\"_blank\" rel=\"noopener noreferrer\">www.depaoli.bz.it<\/a>.<\/p>\n<p>L\u2019informativa si ispira anche alla Raccomandazione n. 2\/2001 che le autorit\u00e0 europee per la protezione dei dati personali, riunite nel Gruppo istituito dall\u2019art. 29 della direttiva n. 95\/46\/CE, hanno adottato il 17 maggio 2001 per individuare alcuni requisiti minimi per la raccolta di dati personali online, e, in particolare, le modalit\u00e0, i tempi e la natura delle informazioni che i titolari del trattamento devono fornire agli utenti quando questi si collegano a pagine web, indipendentemente dagli scopi del collegamento.<\/p>\n<p>A seguito della consultazione di questo sito possono essere trattati dati relativi a persone identificate o identificabili.[\/vc_column_text][\/vc_column][\/vc_row][vc_row][vc_column width=&#8221;1\/2&#8243;]<div class=\"wpb_content_element \"><style type=\"text\/css\" scoped>#ut_header_69d113f5a71bd.pt-style-2 .page-title:after, #ut_header_69d113f5a71bd.pt-style-2 .parallax-title:after, #ut_header_69d113f5a71bd.pt-style-2 .section-title:after {background-color:!important;height: ;width: ;}<\/style><header id=\"ut_header_69d113f5a71bd\" class=\"section-header ut-no-title-linebreak-mobile ut-no-lead-linebreak-mobile pt-style-2 header-center\"><h2  class=\"section-title \"><span>Il titolare del trattamento<\/span><\/h2><\/header><\/div>[vc_column_text]Il \u201ctitolare\u201d del loro trattamento \u00e8 Dott.ssa Cristina De Paoli, Via della Mendola 49\/B,\u00a0I-39100 Bolzano[\/vc_column_text]<div class=\"wpb_content_element \"><style type=\"text\/css\" scoped>#ut_header_69d113f5a78fd.pt-style-2 .page-title:after, #ut_header_69d113f5a78fd.pt-style-2 .parallax-title:after, #ut_header_69d113f5a78fd.pt-style-2 .section-title:after {background-color:!important;height: ;width: ;}<\/style><header id=\"ut_header_69d113f5a78fd\" class=\"section-header ut-no-title-linebreak-mobile ut-no-lead-linebreak-mobile pt-style-2 header-center\"><h2  class=\"section-title \"><span>Luogo di trattamento dei dati<\/span><\/h2><\/header><\/div>[vc_column_text]I trattamenti connessi ai servizi web di questo sito hanno luogo presso la predetta sede dell\u2019Azienda e sono curati solo da personale incaricato del trattamento. Nessun dato derivante dal servizio web viene comunicato o diffuso.<\/p>\n<p>I dati personali forniti dagli utenti che inoltrano richieste di invio di materiale informativo (Cd-rom, pubblicazioni, newsletter, risposte a quesiti, ecc.) sono utilizzati al solo fine di eseguire il servizio o la prestazione richiesta e sono comunicati a terzi nel solo caso in cui ci\u00f2 sia a tal fine necessario (servizi di spedizione ed invio).<\/p>\n<p>Servizi di e-mail informative (newsletter) e di pubblicit\u00e0 diretta vengono attivati solo quando espressamente richiesti dall\u2019interessato.<\/p>\n<p>I dati personali forniti dagli utenti che intendono accedere ai servizi messi a disposizione da Dott.ssa Cristina De Paoli, sono utilizzati solo al fine di rendere questi servizi effettivamente fruibili. Questi dati danno origine a log di sistema mantenuti al solo fine di sicurezza per un periodo non superiore a mesi sei. Questi dati saranno accessibili, solo in caso di effettivo bisogno, esclusivamente dal personale incaricato per il trattamento.[\/vc_column_text]<div class=\"wpb_content_element \"><style type=\"text\/css\" scoped>#ut_header_69d113f5a7f8a.pt-style-2 .page-title:after, #ut_header_69d113f5a7f8a.pt-style-2 .parallax-title:after, #ut_header_69d113f5a7f8a.pt-style-2 .section-title:after {background-color:!important;height: ;width: ;}<\/style><header id=\"ut_header_69d113f5a7f8a\" class=\"section-header ut-no-title-linebreak-mobile ut-no-lead-linebreak-mobile pt-style-2 header-center\"><h2  class=\"section-title \"><span>Tipo di dati trattati<\/span><\/h2><\/header><\/div>[vc_column_text]<strong>Dati di navigazione:<\/strong><\/p>\n<p>I sistemi informatici e le procedure software preposte al funzionamento di questo sito web acquisiscono, nel corso del loro normale esercizio, alcuni dati personali la cui trasmissione \u00e8 implicita nell\u2019uso dei protocolli di comunicazione di Internet.<\/p>\n<p>Si tratta di informazioni che non sono raccolte per essere associate a interessati identificati, ma che per loro stessa natura potrebbero, attraverso elaborazioni ed associazioni con dati detenuti da terzi, permettere di identificare gli utenti.<\/p>\n<p>In questa categoria di dati rientrano gli indirizzi IP o i nomi a dominio dei computer utilizzati dagli utenti che si connettono al sito, gli indirizzi in notazione URI (Uniform Resource Identifier) delle risorse richieste, l\u2019orario della richiesta, il metodo utilizzato nel sottoporre la richiesta al server, la dimensione del file ottenuto in risposta, il codice numerico indicante lo stato della risposta data dal server (buon fine, errore, ecc.) ed altri parametri relativi al sistema operativo e all\u2019ambiente informatico dell\u2019utente.<\/p>\n<p>Questi dati vengono utilizzati al solo fine di ricavare eventuali informazioni statistiche anonime sull\u2019uso del sito e per controllarne il corretto funzionamento e vengono cancellati immediatamente dopo l\u2019elaborazione. I dati potrebbero essere utilizzati per l\u2019accertamento di responsabilit\u00e0 in caso di ipotetici reati informatici ai danni del sito: salva questa eventualit\u00e0, allo stato attuale i dati sui contatti web non persistono per pi\u00f9 di 9 mesi. Dati forniti volontariamente dall\u2019utente:<\/p>\n<p>L\u2019invio facoltativo, esplicito e volontario di posta elettronica agli indirizzi indicati o attraverso formulari da compilare su questo sito, comporta la successiva acquisizione dell\u2019indirizzo del mittente, necessario per rispondere alle richieste, nonch\u00e9 degli eventuali altri dati personali inseriti nella missiva o sui formulari.<\/p>\n<p>A questa famiglia appartengono anche i dati derivanti dall\u2019utilizzo dei servizi accessibili attraverso questi siti a cui eventualmente di accede.[\/vc_column_text][\/vc_column][vc_column width=&#8221;1\/2&#8243;]<div class=\"wpb_content_element \"><style type=\"text\/css\" scoped>#ut_header_69d113f5a85a1.pt-style-2 .page-title:after, #ut_header_69d113f5a85a1.pt-style-2 .parallax-title:after, #ut_header_69d113f5a85a1.pt-style-2 .section-title:after {background-color:!important;height: ;width: ;}<\/style><header id=\"ut_header_69d113f5a85a1\" class=\"section-header ut-no-title-linebreak-mobile ut-no-lead-linebreak-mobile pt-style-2 header-center\"><h2  class=\"section-title \"><span>Cookies<\/span><\/h2><\/header><\/div>[vc_column_text]Nessun dato personale degli utenti viene in proposito acquisito dal sito. Non viene fatto uso di cookies per la trasmissione di informazioni di carattere personale, n\u00e9 vengono utilizzati cookies di tipo persistente di alcun tipo, ovvero sistemi per il tracciamento degli utenti.<\/p>\n<p>L\u2019uso di c.d. cookies di sessione (che non vengono memorizzati in modo persistente sul computer dell\u2019utente e svaniscono con la chiusura del browser) \u00e8 strettamente limitato alla trasmissione di identificativi di sessione (costituiti da numeri casuali generati dal server) necessari per consentire l\u2019esplorazione sicura ed efficiente del sito.<\/p>\n<p>I c.d. cookies di sessione utilizzati in questo sito evitano il ricorso ad altre tecniche informatiche potenzialmente pregiudizievoli per la riservatezza della navigazione degli utenti e non consentono l\u2019acquisizione di dati personali identificativi dell\u2019utente.<\/p>\n<p>Le ricordiamo che la maggior parte dei Browser sono predisposti in modo da accettare automaticamente i Cookies. Lei pu\u00f2 comunque disattivare la memorizzazione dei Cookies oppure predisporre il Suo Browser in modo che La informi appena vengono spediti Cookies.[\/vc_column_text]<div class=\"wpb_content_element \"><style type=\"text\/css\" scoped>#ut_header_69d113f5a8b9f.pt-style-2 .page-title:after, #ut_header_69d113f5a8b9f.pt-style-2 .parallax-title:after, #ut_header_69d113f5a8b9f.pt-style-2 .section-title:after {background-color:!important;height: ;width: ;}<\/style><header id=\"ut_header_69d113f5a8b9f\" class=\"section-header ut-no-title-linebreak-mobile ut-no-lead-linebreak-mobile pt-style-2 header-center\"><h2  class=\"section-title \"><span>Facoltativit\u00e0 del conferimento dei dati<\/span><\/h2><\/header><\/div>[vc_column_text]A parte quanto specificato per i dati di navigazione, l\u2019utente \u00e8 libero di fornire i dati personali riportati nei moduli di richiesta a Dott.ssa Cristina De Paoli o comunque indicati in contatti con Dott.ssa Cristina De Paoli, per sollecitare l\u2019invio di materiale informativo o di altre comunicazioni.<\/p>\n<p>Il loro mancato conferimento pu\u00f2 comportare l\u2019impossibilit\u00e0 di ottenere quanto richiesto o di accedere ai servizi a Lei messi a disposizione.[\/vc_column_text]<div class=\"wpb_content_element \"><style type=\"text\/css\" scoped>#ut_header_69d113f5a922c.pt-style-2 .page-title:after, #ut_header_69d113f5a922c.pt-style-2 .parallax-title:after, #ut_header_69d113f5a922c.pt-style-2 .section-title:after {background-color:!important;height: ;width: ;}<\/style><header id=\"ut_header_69d113f5a922c\" class=\"section-header ut-no-title-linebreak-mobile ut-no-lead-linebreak-mobile pt-style-2 header-center\"><h2  class=\"section-title \"><span>Modalit\u00e0 del trattamento<\/span><\/h2><\/header><\/div>[vc_column_text]I dati personali sono trattati con strumenti automatizzati per il tempo strettamente necessario a conseguire gli scopi per cui sono stati raccolti. Specifiche misure di sicurezza sono osservate per prevenire la perdita dei dati, usi illeciti o non corretti ed accessi non autorizzati.[\/vc_column_text]<div class=\"wpb_content_element \"><style type=\"text\/css\" scoped>#ut_header_69d113f5a98d9.pt-style-2 .page-title:after, #ut_header_69d113f5a98d9.pt-style-2 .parallax-title:after, #ut_header_69d113f5a98d9.pt-style-2 .section-title:after {background-color:!important;height: ;width: ;}<\/style><header id=\"ut_header_69d113f5a98d9\" class=\"section-header ut-no-title-linebreak-mobile ut-no-lead-linebreak-mobile pt-style-2 header-center\"><h2  class=\"section-title \"><span>Link ad altri siti web<\/span><\/h2><\/header><\/div>[vc_column_text]<\/p>\n<p>Il mio sito contiene Links anche a siti Web di cui non sono titolare. Non ho nessuna autorit\u00e0 affinch\u00e9 i loro gestori rispettino le disposizioni per la protezione dei dati. L\u2019informativa \u00e8 resa solo per i il mio sito web e non anche per altri siti web eventualmente consultati dall\u2019utente tramite link.[\/vc_column_text]<div class=\"wpb_content_element \"><style type=\"text\/css\" scoped>#ut_header_69d113f5a9ee2.pt-style-2 .page-title:after, #ut_header_69d113f5a9ee2.pt-style-2 .parallax-title:after, #ut_header_69d113f5a9ee2.pt-style-2 .section-title:after {background-color:!important;height: ;width: ;}<\/style><header id=\"ut_header_69d113f5a9ee2\" class=\"section-header ut-no-title-linebreak-mobile ut-no-lead-linebreak-mobile pt-style-2 header-center\"><h2  class=\"section-title \"><span>Diritti degli interessati<\/span><\/h2><\/header><\/div>[vc_column_text]I soggetti cui si riferiscono i dati personali hanno il diritto in qualunque momento di ottenere la conferma dell\u2019esistenza o meno dei medesimi dati e di conoscerne il contenuto e l\u2019origine, verificarne l\u2019esattezza o chiederne l\u2019integrazione o l\u2019aggiornamento, oppure la rettificazione (art. 7 del d.lgs. n. 196\/2003).<\/p>\n<p>Ai sensi del medesimo articolo si ha il diritto di chiedere la cancellazione, la trasformazione in forma anonima o il blocco dei dati trattati in violazione di legge, nonch\u00e9 di opporsi in ogni caso, per motivi legittimi, al loro trattamento.<\/p>\n<p>Le richieste vanno rivolte a:<\/p>\n<p>Dott.ssa Cristina De Paoli<br \/>\nVia della Mendola 49\/B<br \/>\nI-39100 Bolzano<br \/>\ncontact@depaoli.bz.it[\/vc_column_text]<div class=\"wpb_content_element \"><style type=\"text\/css\" scoped>#ut_header_69d113f5aa514.pt-style-2 .page-title:after, #ut_header_69d113f5aa514.pt-style-2 .parallax-title:after, #ut_header_69d113f5aa514.pt-style-2 .section-title:after {background-color:!important;height: ;width: ;}<\/style><header id=\"ut_header_69d113f5aa514\" class=\"section-header ut-no-title-linebreak-mobile ut-no-lead-linebreak-mobile pt-style-2 header-center\"><h2  class=\"section-title \"><span>Modifiche all'informativa<\/span><\/h2><\/header><\/div>[vc_column_text]Dott.ssa Cristina De Paoli potr\u00e0 apportare modifiche all\u2019informativa al fine di recepire cambiamenti della normativa nazionale e\/o comunitaria ovvero per adeguarsi ad intervenute innovazioni tecnologiche. Eventuali modifiche saranno riportate su questa pagina web resa costantemente consultabile mediante il collegamento ipertestuale situato nella home page del Sito. Gli Utenti dovrebbero leggere di tanto in tanto l&#8217;informativa per verificare se Dott.ssa Cristina De Paoli abbia apportato delle modifiche.<\/p>\n<p>Vi preghiamo di prendere visione alle presente Privacy Policy e di controllarla periodicamente con attenzione al fine di verificare eventuali aggiornamenti o revisioni che si dovessero rendere necessari.[\/vc_column_text][\/vc_column][\/vc_row]<\/p>\n","protected":false},"excerpt":{"rendered":"<p>[vc_row][vc_column][vc_column_text]In questa pagina si descrivono le modalit\u00e0 di gestione del sito in riferimento al trattamento dei dati personali degli utenti che lo consultano. Si tratta di un\u2019informativa che \u00e8 resa anche ai sensi dell&#8217;art. 13 del d.lgs. n. 196\/2003 \u2013 Codice in materia di protezione dei dati personali a coloro che interagiscono con i servizi [&hellip;]<\/p>\n","protected":false},"author":1,"featured_media":0,"parent":0,"menu_order":0,"comment_status":"closed","ping_status":"closed","template":"","meta":[],"yoast_head":"<!-- This site is optimized with the Yoast SEO plugin v15.9.2 - https:\/\/yoast.com\/wordpress\/plugins\/seo\/ -->\n<title>Psicologa e psicoterapeuta | Dott.ssa Cristina De Paoli | Privacy Policy<\/title>\n<meta name=\"robots\" content=\"noindex, nofollow\" \/>\n<meta property=\"og:locale\" content=\"it_IT\" \/>\n<meta property=\"og:type\" content=\"article\" \/>\n<meta property=\"og:title\" content=\"Psicologa e psicoterapeuta | Dott.ssa Cristina De Paoli | Privacy Policy\" \/>\n<meta property=\"og:description\" content=\"[vc_row][vc_column][vc_column_text]In questa pagina si descrivono le modalit\u00e0 di gestione del sito in riferimento al trattamento dei dati personali degli utenti che lo consultano. Si tratta di un\u2019informativa che \u00e8 resa anche ai sensi dell&#8217;art. 13 del d.lgs. n. 196\/2003 \u2013 Codice in materia di protezione dei dati personali a coloro che interagiscono con i servizi [&hellip;]\" \/>\n<meta property=\"og:url\" content=\"http:\/\/depaoli.bz.it\/it\/privacy-policy\/\" \/>\n<meta property=\"og:site_name\" content=\"Dr.in Cristina De Paoli\" \/>\n<meta property=\"article:publisher\" content=\"https:\/\/www.facebook.com\/depaoli.bz.it\" \/>\n<meta property=\"article:modified_time\" content=\"2019-03-07T14:20:47+00:00\" \/>\n<meta name=\"twitter:card\" content=\"summary_large_image\" \/>\n<meta name=\"twitter:label1\" content=\"Tempo di lettura stimato\">\n\t<meta name=\"twitter:data1\" content=\"7 minuti\">\n<script type=\"application\/ld+json\" class=\"yoast-schema-graph\">{\"@context\":\"https:\/\/schema.org\",\"@graph\":[{\"@type\":\"WebSite\",\"@id\":\"http:\/\/depaoli.bz.it\/it\/#website\",\"url\":\"http:\/\/depaoli.bz.it\/it\/\",\"name\":\"Dr.in Cristina De Paoli\",\"description\":\"Psychologin und Psychotherapeutin in Bozen\",\"potentialAction\":[{\"@type\":\"SearchAction\",\"target\":\"http:\/\/depaoli.bz.it\/it\/?s={search_term_string}\",\"query-input\":\"required name=search_term_string\"}],\"inLanguage\":\"it-IT\"},{\"@type\":\"WebPage\",\"@id\":\"http:\/\/depaoli.bz.it\/it\/privacy-policy\/#webpage\",\"url\":\"http:\/\/depaoli.bz.it\/it\/privacy-policy\/\",\"name\":\"Psicologa e psicoterapeuta | Dott.ssa Cristina De Paoli | Privacy Policy\",\"isPartOf\":{\"@id\":\"http:\/\/depaoli.bz.it\/it\/#website\"},\"datePublished\":\"2017-09-17T12:38:18+00:00\",\"dateModified\":\"2019-03-07T14:20:47+00:00\",\"breadcrumb\":{\"@id\":\"http:\/\/depaoli.bz.it\/it\/privacy-policy\/#breadcrumb\"},\"inLanguage\":\"it-IT\",\"potentialAction\":[{\"@type\":\"ReadAction\",\"target\":[\"http:\/\/depaoli.bz.it\/it\/privacy-policy\/\"]}]},{\"@type\":\"BreadcrumbList\",\"@id\":\"http:\/\/depaoli.bz.it\/it\/privacy-policy\/#breadcrumb\",\"itemListElement\":[{\"@type\":\"ListItem\",\"position\":1,\"item\":{\"@type\":\"WebPage\",\"@id\":\"http:\/\/depaoli.bz.it\/it\/pagine-iniziale\/\",\"url\":\"http:\/\/depaoli.bz.it\/it\/pagine-iniziale\/\",\"name\":\"Startseite\"}},{\"@type\":\"ListItem\",\"position\":2,\"item\":{\"@type\":\"WebPage\",\"@id\":\"http:\/\/depaoli.bz.it\/it\/privacy-policy\/\",\"url\":\"http:\/\/depaoli.bz.it\/it\/privacy-policy\/\",\"name\":\"Privacy Policy\"}}]}]}<\/script>\n<!-- \/ Yoast SEO plugin. -->","_links":{"self":[{"href":"http:\/\/depaoli.bz.it\/it\/wp-json\/wp\/v2\/pages\/3571\/"}],"collection":[{"href":"http:\/\/depaoli.bz.it\/it\/wp-json\/wp\/v2\/pages\/"}],"about":[{"href":"http:\/\/depaoli.bz.it\/it\/wp-json\/wp\/v2\/types\/page\/"}],"author":[{"embeddable":true,"href":"http:\/\/depaoli.bz.it\/it\/wp-json\/wp\/v2\/users\/1\/"}],"replies":[{"embeddable":true,"href":"http:\/\/depaoli.bz.it\/it\/wp-json\/wp\/v2\/comments\/?post=3571"}],"version-history":[{"count":10,"href":"http:\/\/depaoli.bz.it\/it\/wp-json\/wp\/v2\/pages\/3571\/revisions\/"}],"predecessor-version":[{"id":3686,"href":"http:\/\/depaoli.bz.it\/it\/wp-json\/wp\/v2\/pages\/3571\/revisions\/3686\/"}],"wp:attachment":[{"href":"http:\/\/depaoli.bz.it\/it\/wp-json\/wp\/v2\/media\/?parent=3571"}],"curies":[{"name":"wp","href":"https:\/\/api.w.org\/{rel}","templated":true}]}}