{"id":3473,"date":"2017-09-09T17:41:10","date_gmt":"2017-09-09T17:41:10","guid":{"rendered":"http:\/\/depaoli.bz.it\/bambini-e-adolescenti\/"},"modified":"2019-03-07T15:19:21","modified_gmt":"2019-03-07T14:19:21","slug":"bambini-e-adolescenti","status":"publish","type":"page","link":"http:\/\/depaoli.bz.it\/it\/bambini-e-adolescenti\/","title":{"rendered":"Bambini e adolescenti"},"content":{"rendered":"<p>[vc_row][vc_column]<div class=\"wpb_content_element \"><style type=\"text\/css\" scoped>#ut_header_69d1110706e21.pt-style-2 .page-title:after, #ut_header_69d1110706e21.pt-style-2 .parallax-title:after, #ut_header_69d1110706e21.pt-style-2 .section-title:after {background-color:!important;height: ;width: ;}<\/style><header id=\"ut_header_69d1110706e21\" class=\"section-header ut-no-title-linebreak-mobile ut-no-lead-linebreak-mobile pt-style-2 header-center\"><h2  class=\"section-title \"><span>Il lavoro con i bambini e gli adolescenti<\/span><\/h2><div data-delay=\"0\" class=\"lead \"><p>I minori sono spesso sotto pressione nella gestione della quotidianit\u00e0. Sono sottoposti a vari fattori stressogeni e a troppi impegni. A volte possono comparire difficolt\u00e0 che i minori non sono in grado di gestire con le proprie energie e capacit\u00e0.<\/p>\n<p>Se Suo\/Sua figlio\/figlia vive delle ansie e difficolt\u00e0 che non possono essere risolte all\u2019interno della famiglia e importante che Lei chieda aiuto.<\/p>\n<p>Nelle sedute con bambini e adolescenti utilizzo tecniche e metodi adatti alla loro et\u00e0. Lavoro con metodi di gioco e creativi con i bambini, e attraverso il dialogo e altre tecniche con gli adolescenti. La terapia del gioco \u00e8 la forma pi\u00f9 adatta per i bambini, che comunicano soprattutto giocando, esprimendo i loro stati d\u2019animo e i bisogni. La terapia del gioco rappresenta un luogo protetto in cui il bambino pu\u00f2 mostrare i propri pensieri e le emozioni che prova, pu\u00f2 essere s\u00e9 stesso e cos\u00ec si avvia il processo di guarigione.<\/p>\n<p>Il mio obiettivo \u00e8 rafforzare i bambini e gli adolescenti nella loro autostima e nelle loro risorse.<\/p>\n<\/div><\/header><\/div>[vc_empty_space][\/vc_column][\/vc_row][vc_row][vc_column]<div class=\"wpb_content_element \"><style type=\"text\/css\" scoped>#ut_header_69d111070728d.pt-style-2 .page-title:after, #ut_header_69d111070728d.pt-style-2 .parallax-title:after, #ut_header_69d111070728d.pt-style-2 .section-title:after {background-color:!important;height: ;width: ;}<\/style><header id=\"ut_header_69d111070728d\" class=\"section-header ut-no-title-linebreak-mobile ut-no-lead-linebreak-mobile pt-style-2 header-center\"><h2  class=\"section-title \"><span>Mi occupo di:<\/span><\/h2><\/header><\/div>[vc_empty_space][\/vc_column][\/vc_row][vc_row][vc_column width=&#8221;1\/2&#8243;]<div class=\"wpb_content_element \"><style type=\"text\/css\" scoped>#ut-svg-69d1110707475 { display:none; }#ut-svg-69d1110707475.ut-svg-loaded { display:block; }#ut-svg-69d1110707475 path { stroke:#979ae0; }<\/style><div id=\"ut_sc_69d1110707474\"  class=\"ut-horizontal-style-align-left  clearfix \" ><figure class=\"ut-service-icon  ut-service-icon-normal ut-service-icon-large\"><i style=\"color: #979ae0;\" class=\"fa fa fa-envira\"><\/i><\/figure><div class=\"ut-service-column ut-service-column-horiz\"><h3>Difficolt\u00e0 emotive<\/h3><p>&#8211; \u201ecapricci\u201c e ricerche di attenzione<br \/>\n&#8211; aggressivit\u00e0<br \/>\n&#8211; irrequietezza e insonnia\/disturbi del sonno<br \/>\n&#8211; paure<br \/>\n&#8211; ansia da separazione<br \/>\n&#8211; depressivit\u00e0<br \/>\n&#8211; ansia da esame<br \/>\n&#8211; lutti<\/p><\/div><\/div><\/div>[\/vc_column][vc_column width=&#8221;1\/2&#8243;]<div class=\"wpb_content_element \"><style type=\"text\/css\" scoped>#ut-svg-69d11107074a3 { display:none; }#ut-svg-69d11107074a3.ut-svg-loaded { display:block; }#ut-svg-69d11107074a3 path { stroke:#979ae0; }<\/style><div id=\"ut_sc_69d11107074a2\"  class=\"ut-horizontal-style-align-left  clearfix \" ><figure class=\"ut-service-icon  ut-service-icon-normal ut-service-icon-large\"><i style=\"color: #979ae0;\" class=\"fa fa fa-envira\"><\/i><\/figure><div class=\"ut-service-column ut-service-column-horiz\"><h3>Difficolt\u00e0 nell\u2019attenzione, concentrazione e nel comportamento<\/h3><\/div><\/div><\/div><div class=\"wpb_content_element \"><style type=\"text\/css\" scoped>#ut-svg-69d11107074bf { display:none; }#ut-svg-69d11107074bf.ut-svg-loaded { display:block; }#ut-svg-69d11107074bf path { stroke:#979ae0; }<\/style><div id=\"ut_sc_69d11107074be\"  class=\"ut-horizontal-style-align-left  clearfix \" ><figure class=\"ut-service-icon  ut-service-icon-normal ut-service-icon-large\"><i style=\"color: #979ae0;\" class=\"fa fa fa-envira\"><\/i><\/figure><div class=\"ut-service-column ut-service-column-horiz\"><h3>Separazione dei genitori<\/h3><\/div><\/div><\/div><div class=\"wpb_content_element \"><style type=\"text\/css\" scoped>#ut-svg-69d11107074d7 { display:none; }#ut-svg-69d11107074d7.ut-svg-loaded { display:block; }#ut-svg-69d11107074d7 path { stroke:#979ae0; }<\/style><div id=\"ut_sc_69d11107074d6\"  class=\"ut-horizontal-style-align-left  clearfix \" ><figure class=\"ut-service-icon  ut-service-icon-normal ut-service-icon-large\"><i style=\"color: #979ae0;\" class=\"fa fa fa-envira\"><\/i><\/figure><div class=\"ut-service-column ut-service-column-horiz\"><h3>Comportamenti autolesivi<\/h3><\/div><\/div><\/div><div class=\"wpb_content_element \"><style type=\"text\/css\" scoped>#ut-svg-69d11107074ee { display:none; }#ut-svg-69d11107074ee.ut-svg-loaded { display:block; }#ut-svg-69d11107074ee path { stroke:#979ae0; }<\/style><div id=\"ut_sc_69d11107074ed\"  class=\"ut-horizontal-style-align-left  clearfix \" ><figure class=\"ut-service-icon  ut-service-icon-normal ut-service-icon-large\"><i style=\"color: #979ae0;\" class=\"fa fa fa-envira\"><\/i><\/figure><div class=\"ut-service-column ut-service-column-horiz\"><h3>Iperattivit\u00e0<\/h3><\/div><\/div><\/div><div class=\"wpb_content_element \"><style type=\"text\/css\" scoped>#ut-svg-69d1110707504 { display:none; }#ut-svg-69d1110707504.ut-svg-loaded { display:block; }#ut-svg-69d1110707504 path { stroke:#979ae0; }<\/style><div id=\"ut_sc_69d1110707503\"  class=\"ut-horizontal-style-align-left  clearfix \" ><figure class=\"ut-service-icon  ut-service-icon-normal ut-service-icon-large\"><i style=\"color: #979ae0;\" class=\"fa fa fa-envira\"><\/i><\/figure><div class=\"ut-service-column ut-service-column-horiz\"><h3>Bullismo<\/h3><\/div><\/div><\/div>[\/vc_column][\/vc_row]<\/p>\n","protected":false},"excerpt":{"rendered":"<p>[vc_row][vc_column][vc_empty_space][\/vc_column][\/vc_row][vc_row][vc_column][vc_empty_space][\/vc_column][\/vc_row][vc_row][vc_column width=&#8221;1\/2&#8243;][\/vc_column][vc_column width=&#8221;1\/2&#8243;][\/vc_column][\/vc_row]<\/p>\n","protected":false},"author":1,"featured_media":0,"parent":0,"menu_order":0,"comment_status":"closed","ping_status":"closed","template":"","meta":[],"yoast_head":"<!-- This site is optimized with the Yoast SEO plugin v15.9.2 - https:\/\/yoast.com\/wordpress\/plugins\/seo\/ -->\n<title>Psicologa e psicoterapeuta | Dott.ssa Cristina De Paoli | Bambini e adolescenti<\/title>\n<meta name=\"description\" content=\"Il lavoro con i bambini e gli adolescenti: I minori sono spesso sotto pressione nella gestione della quotidianit\u00e0. Sono sottoposti a vari fattori stressogeni e a troppi impegni.\" \/>\n<meta name=\"robots\" content=\"index, follow, max-snippet:-1, max-image-preview:large, max-video-preview:-1\" \/>\n<link rel=\"canonical\" href=\"http:\/\/depaoli.bz.it\/it\/bambini-e-adolescenti\/\" \/>\n<meta property=\"og:locale\" content=\"it_IT\" \/>\n<meta property=\"og:type\" content=\"article\" \/>\n<meta property=\"og:title\" content=\"Psicologa e psicoterapeuta | Dott.ssa Cristina De Paoli | Bambini e adolescenti\" \/>\n<meta property=\"og:description\" content=\"Il lavoro con i bambini e gli adolescenti: I minori sono spesso sotto pressione nella gestione della quotidianit\u00e0. Sono sottoposti a vari fattori stressogeni e a troppi impegni.\" \/>\n<meta property=\"og:url\" content=\"http:\/\/depaoli.bz.it\/it\/bambini-e-adolescenti\/\" \/>\n<meta property=\"og:site_name\" content=\"Dr.in Cristina De Paoli\" \/>\n<meta property=\"article:publisher\" content=\"https:\/\/www.facebook.com\/depaoli.bz.it\" \/>\n<meta property=\"article:modified_time\" content=\"2019-03-07T14:19:21+00:00\" \/>\n<meta name=\"twitter:card\" content=\"summary_large_image\" \/>\n<meta name=\"twitter:label1\" content=\"Tempo di lettura stimato\">\n\t<meta name=\"twitter:data1\" content=\"2 minuti\">\n<script type=\"application\/ld+json\" class=\"yoast-schema-graph\">{\"@context\":\"https:\/\/schema.org\",\"@graph\":[{\"@type\":\"WebSite\",\"@id\":\"http:\/\/depaoli.bz.it\/it\/#website\",\"url\":\"http:\/\/depaoli.bz.it\/it\/\",\"name\":\"Dr.in Cristina De Paoli\",\"description\":\"Psychologin und Psychotherapeutin in Bozen\",\"potentialAction\":[{\"@type\":\"SearchAction\",\"target\":\"http:\/\/depaoli.bz.it\/it\/?s={search_term_string}\",\"query-input\":\"required name=search_term_string\"}],\"inLanguage\":\"it-IT\"},{\"@type\":\"WebPage\",\"@id\":\"http:\/\/depaoli.bz.it\/it\/bambini-e-adolescenti\/#webpage\",\"url\":\"http:\/\/depaoli.bz.it\/it\/bambini-e-adolescenti\/\",\"name\":\"Psicologa e psicoterapeuta | Dott.ssa Cristina De Paoli | Bambini e adolescenti\",\"isPartOf\":{\"@id\":\"http:\/\/depaoli.bz.it\/it\/#website\"},\"datePublished\":\"2017-09-09T17:41:10+00:00\",\"dateModified\":\"2019-03-07T14:19:21+00:00\",\"description\":\"Il lavoro con i bambini e gli adolescenti: I minori sono spesso sotto pressione nella gestione della quotidianit\\u00e0. Sono sottoposti a vari fattori stressogeni e a troppi impegni.\",\"breadcrumb\":{\"@id\":\"http:\/\/depaoli.bz.it\/it\/bambini-e-adolescenti\/#breadcrumb\"},\"inLanguage\":\"it-IT\",\"potentialAction\":[{\"@type\":\"ReadAction\",\"target\":[\"http:\/\/depaoli.bz.it\/it\/bambini-e-adolescenti\/\"]}]},{\"@type\":\"BreadcrumbList\",\"@id\":\"http:\/\/depaoli.bz.it\/it\/bambini-e-adolescenti\/#breadcrumb\",\"itemListElement\":[{\"@type\":\"ListItem\",\"position\":1,\"item\":{\"@type\":\"WebPage\",\"@id\":\"http:\/\/depaoli.bz.it\/it\/pagine-iniziale\/\",\"url\":\"http:\/\/depaoli.bz.it\/it\/pagine-iniziale\/\",\"name\":\"Startseite\"}},{\"@type\":\"ListItem\",\"position\":2,\"item\":{\"@type\":\"WebPage\",\"@id\":\"http:\/\/depaoli.bz.it\/it\/bambini-e-adolescenti\/\",\"url\":\"http:\/\/depaoli.bz.it\/it\/bambini-e-adolescenti\/\",\"name\":\"Bambini e adolescenti\"}}]}]}<\/script>\n<!-- \/ Yoast SEO plugin. -->","_links":{"self":[{"href":"http:\/\/depaoli.bz.it\/it\/wp-json\/wp\/v2\/pages\/3473\/"}],"collection":[{"href":"http:\/\/depaoli.bz.it\/it\/wp-json\/wp\/v2\/pages\/"}],"about":[{"href":"http:\/\/depaoli.bz.it\/it\/wp-json\/wp\/v2\/types\/page\/"}],"author":[{"embeddable":true,"href":"http:\/\/depaoli.bz.it\/it\/wp-json\/wp\/v2\/users\/1\/"}],"replies":[{"embeddable":true,"href":"http:\/\/depaoli.bz.it\/it\/wp-json\/wp\/v2\/comments\/?post=3473"}],"version-history":[{"count":3,"href":"http:\/\/depaoli.bz.it\/it\/wp-json\/wp\/v2\/pages\/3473\/revisions\/"}],"predecessor-version":[{"id":3612,"href":"http:\/\/depaoli.bz.it\/it\/wp-json\/wp\/v2\/pages\/3473\/revisions\/3612\/"}],"wp:attachment":[{"href":"http:\/\/depaoli.bz.it\/it\/wp-json\/wp\/v2\/media\/?parent=3473"}],"curies":[{"name":"wp","href":"https:\/\/api.w.org\/{rel}","templated":true}]}}